{"id":906,"date":"2021-08-24T18:00:32","date_gmt":"2021-08-24T16:00:32","guid":{"rendered":"https:\/\/www.salin1953.com\/it\/?page_id=906"},"modified":"2021-09-10T15:03:49","modified_gmt":"2021-09-10T13:03:49","slug":"ricerca-e-sviluppo","status":"publish","type":"page","link":"https:\/\/www.salin1953.com\/it\/ricerca-e-sviluppo\/","title":{"rendered":"Ricerca e Sviluppo"},"content":{"rendered":"<p><div class=\"fusion-fullwidth fullwidth-box fusion-builder-row-1 fusion-flex-container fusion-parallax-none nonhundred-percent-fullwidth non-hundred-percent-height-scrolling\" style=\"--awb-border-radius-top-left:0px;--awb-border-radius-top-right:0px;--awb-border-radius-bottom-right:0px;--awb-border-radius-bottom-left:0px;--awb-padding-top:60px;--awb-padding-bottom:60px;--awb-background-image:url(&quot;https:\/\/www.salin1953.com\/it\/wp-content\/uploads\/sites\/2\/2021\/07\/sfondo-qualita.jpg&quot;);--awb-background-size:cover;\" ><div class=\"fusion-builder-row fusion-row fusion-flex-align-items-center fusion-flex-justify-content-center\" style=\"max-width:1248px;margin-left: calc(-4% \/ 2 );margin-right: calc(-4% \/ 2 );\"><div class=\"fusion-layout-column fusion_builder_column fusion-builder-column-0 fusion_builder_column_1_5 1_5 fusion-flex-column\" style=\"--awb-bg-size:cover;--awb-width-large:20%;--awb-margin-top-large:0px;--awb-spacing-right-large:9.6%;--awb-margin-bottom-large:20px;--awb-spacing-left-large:9.6%;--awb-width-medium:20%;--awb-order-medium:0;--awb-spacing-right-medium:9.6%;--awb-spacing-left-medium:9.6%;--awb-width-small:100%;--awb-order-small:0;--awb-spacing-right-small:1.92%;--awb-spacing-left-small:1.92%;\"><div class=\"fusion-column-wrapper fusion-column-has-shadow fusion-flex-justify-content-flex-start fusion-content-layout-column\"><\/div><\/div><div class=\"fusion-layout-column fusion_builder_column fusion-builder-column-1 fusion_builder_column_3_5 3_5 fusion-flex-column\" style=\"--awb-bg-size:cover;--awb-width-large:60%;--awb-margin-top-large:0px;--awb-spacing-right-large:3.2%;--awb-margin-bottom-large:20px;--awb-spacing-left-large:3.2%;--awb-width-medium:60%;--awb-order-medium:0;--awb-spacing-right-medium:3.2%;--awb-spacing-left-medium:3.2%;--awb-width-small:100%;--awb-order-small:0;--awb-spacing-right-small:1.92%;--awb-spacing-left-small:1.92%;\"><div class=\"fusion-column-wrapper fusion-column-has-shadow fusion-flex-justify-content-flex-start fusion-content-layout-column\"><div class=\"fusion-title title fusion-title-1 fusion-sep-none fusion-title-center fusion-title-text fusion-title-size-four\" style=\"--awb-text-color:#ffffff;\"><h4 class=\"title-heading-center\" style=\"margin:0;\">RICERCA E SVILUPPO<\/h4><\/div><div class=\"fusion-text fusion-text-1\" style=\"--awb-content-alignment:center;--awb-text-color:#ffffff;\"><p>Sicuramente \u00e8 nella ricerca e sviluppo che il nostro rapporto di collaborazione e partnership con il cliente assume il suo senso pi\u00f9 alto. \u00c8, infatti, per trovare le migliori soluzioni alle richieste dei nostri clienti che collaboriamo con le migliori universit\u00e0 e con diversi studi di ricerca per garantire il massimo dell\u2019innovazione sia in termini di materiali sia di lavorazioni per la produzione dei nostri componenti preziosi per orologi di alta gamma.<\/p>\n<\/div><\/div><\/div><div class=\"fusion-layout-column fusion_builder_column fusion-builder-column-2 fusion_builder_column_1_5 1_5 fusion-flex-column\" style=\"--awb-bg-size:cover;--awb-width-large:20%;--awb-margin-top-large:0px;--awb-spacing-right-large:9.6%;--awb-margin-bottom-large:20px;--awb-spacing-left-large:9.6%;--awb-width-medium:20%;--awb-order-medium:0;--awb-spacing-right-medium:9.6%;--awb-spacing-left-medium:9.6%;--awb-width-small:100%;--awb-order-small:0;--awb-spacing-right-small:1.92%;--awb-spacing-left-small:1.92%;\"><div class=\"fusion-column-wrapper fusion-column-has-shadow fusion-flex-justify-content-flex-start fusion-content-layout-column\"><\/div><\/div><\/div><\/div><div class=\"fusion-fullwidth fullwidth-box fusion-builder-row-2 fusion-flex-container nonhundred-percent-fullwidth non-hundred-percent-height-scrolling\" style=\"--awb-border-radius-top-left:0px;--awb-border-radius-top-right:0px;--awb-border-radius-bottom-right:0px;--awb-border-radius-bottom-left:0px;--awb-padding-top:60px;--awb-padding-bottom:60px;\" ><div class=\"fusion-builder-row fusion-row fusion-flex-align-items-flex-start\" style=\"max-width:1248px;margin-left: calc(-4% \/ 2 );margin-right: calc(-4% \/ 2 );\"><div class=\"fusion-layout-column fusion_builder_column fusion-builder-column-3 fusion_builder_column_1_3 1_3 fusion-flex-column\" style=\"--awb-bg-size:cover;--awb-width-large:33.333333333333%;--awb-margin-top-large:0px;--awb-spacing-right-large:5.76%;--awb-margin-bottom-large:20px;--awb-spacing-left-large:5.76%;--awb-width-medium:33.333333333333%;--awb-order-medium:0;--awb-spacing-right-medium:5.76%;--awb-spacing-left-medium:5.76%;--awb-width-small:100%;--awb-order-small:0;--awb-spacing-right-small:1.92%;--awb-spacing-left-small:1.92%;\"><div class=\"fusion-column-wrapper fusion-column-has-shadow fusion-flex-justify-content-flex-start fusion-content-layout-column\"><div class=\"fusion-image-element \" style=\"--awb-caption-title-font-family:var(--h2_typography-font-family);--awb-caption-title-font-weight:var(--h2_typography-font-weight);--awb-caption-title-font-style:var(--h2_typography-font-style);--awb-caption-title-size:var(--h2_typography-font-size);--awb-caption-title-transform:var(--h2_typography-text-transform);--awb-caption-title-line-height:var(--h2_typography-line-height);--awb-caption-title-letter-spacing:var(--h2_typography-letter-spacing);\"><span class=\" fusion-imageframe imageframe-none imageframe-1 hover-type-none\" class=\"image-magnify\" class=\"image-scroll\"><img decoding=\"async\" width=\"923\" height=\"695\" title=\"palladio\" src=\"https:\/\/www.salin1953.com\/it\/wp-content\/uploads\/sites\/2\/2021\/09\/palladio.jpg\" alt class=\"img-responsive wp-image-1129\" srcset=\"https:\/\/www.salin1953.com\/it\/wp-content\/uploads\/sites\/2\/2021\/09\/palladio-200x151.jpg 200w, https:\/\/www.salin1953.com\/it\/wp-content\/uploads\/sites\/2\/2021\/09\/palladio-400x301.jpg 400w, https:\/\/www.salin1953.com\/it\/wp-content\/uploads\/sites\/2\/2021\/09\/palladio-600x452.jpg 600w, https:\/\/www.salin1953.com\/it\/wp-content\/uploads\/sites\/2\/2021\/09\/palladio-800x602.jpg 800w, https:\/\/www.salin1953.com\/it\/wp-content\/uploads\/sites\/2\/2021\/09\/palladio.jpg 923w\" sizes=\"(max-width: 640px) 100vw, 400px\" \/><\/span><\/div><\/div><\/div><div class=\"fusion-layout-column fusion_builder_column fusion-builder-column-4 fusion_builder_column_2_3 2_3 fusion-flex-column fusion-flex-align-self-center\" style=\"--awb-bg-size:cover;--awb-width-large:66.666666666667%;--awb-margin-top-large:0px;--awb-spacing-right-large:2.88%;--awb-margin-bottom-large:20px;--awb-spacing-left-large:2.88%;--awb-width-medium:66.666666666667%;--awb-order-medium:0;--awb-spacing-right-medium:2.88%;--awb-spacing-left-medium:2.88%;--awb-width-small:100%;--awb-order-small:0;--awb-spacing-right-small:1.92%;--awb-spacing-left-small:1.92%;\"><div class=\"fusion-column-wrapper fusion-column-has-shadow fusion-flex-justify-content-center fusion-content-layout-column\"><div class=\"fusion-title title fusion-title-2 fusion-sep-none fusion-title-text fusion-title-size-four\"><h4 class=\"title-heading-left\" style=\"margin:0;\">IL PALLADIO<\/h4><\/div><div class=\"fusion-title title fusion-title-3 fusion-sep-none fusion-title-text fusion-title-size-two\"><h2 class=\"title-heading-left\" style=\"margin:0;\">Viaggio alle radici di un lega<\/h2><\/div><div class=\"fusion-text fusion-text-2\"><p>Il primo tra nostri \u201cferri del mestiere\u201d \u00e8 il crogiolo; definito un progetto, l\u2019impegno nel soddisfare i nostri Clienti parte dalla fusione.<br \/>\nPer questo, in collaborazione con il Dipartimento di Ingegneria Industriale dell\u2019Universit\u00e0 degli Studi di Padova, abbiamo investito nella ricerca di nuove leghe e, in special modo, delle leghe in oro bianco.<br \/>\nAbbiamo variato le temperature di lavorazione delle pre-leghe e delle leghe e i metalli che le compongono. In seguito, abbiamo analizzato i risultati in laboratori specializzati con microscopi ottici, microscopi a scansione elettronica (SEM), microdurimetri e colorimetri, con valutazione della bont\u00e0 della nucleazione, dell\u2019accrescimento, della durezza e del colore.<br \/>\nAbbiamo cos\u00ec ottenuto una lega che ci consente di evitare la cosiddetta \u201cbuccia d\u2019arancia\u201d e che ci ha offerto l\u2019importante possibilit\u00e0 di collaborare alla redazione di tre tesi di laurea sulle leghe in oro bianco per la gioielleria.<\/p>\n<\/div><\/div><\/div><\/div><\/div><div class=\"fusion-fullwidth fullwidth-box fusion-builder-row-3 fusion-flex-container nonhundred-percent-fullwidth non-hundred-percent-height-scrolling\" style=\"--awb-border-radius-top-left:0px;--awb-border-radius-top-right:0px;--awb-border-radius-bottom-right:0px;--awb-border-radius-bottom-left:0px;--awb-padding-top:60px;--awb-padding-bottom:60px;--awb-background-color:rgba(191,191,191,0.3);\" ><div class=\"fusion-builder-row fusion-row fusion-flex-align-items-flex-start\" style=\"max-width:1248px;margin-left: calc(-4% \/ 2 );margin-right: calc(-4% \/ 2 );\"><div class=\"fusion-layout-column fusion_builder_column fusion-builder-column-5 fusion_builder_column_1_3 1_3 fusion-flex-column\" style=\"--awb-bg-size:cover;--awb-width-large:33.333333333333%;--awb-margin-top-large:0px;--awb-spacing-right-large:5.76%;--awb-margin-bottom-large:20px;--awb-spacing-left-large:5.76%;--awb-width-medium:33.333333333333%;--awb-order-medium:0;--awb-spacing-right-medium:5.76%;--awb-spacing-left-medium:5.76%;--awb-width-small:100%;--awb-order-small:0;--awb-spacing-right-small:1.92%;--awb-spacing-left-small:1.92%;\"><div class=\"fusion-column-wrapper fusion-column-has-shadow fusion-flex-justify-content-flex-start fusion-content-layout-column\"><div class=\"fusion-image-element \" style=\"--awb-caption-title-font-family:var(--h2_typography-font-family);--awb-caption-title-font-weight:var(--h2_typography-font-weight);--awb-caption-title-font-style:var(--h2_typography-font-style);--awb-caption-title-size:var(--h2_typography-font-size);--awb-caption-title-transform:var(--h2_typography-text-transform);--awb-caption-title-line-height:var(--h2_typography-line-height);--awb-caption-title-letter-spacing:var(--h2_typography-letter-spacing);\"><span class=\" fusion-imageframe imageframe-none imageframe-2 hover-type-none\" class=\"image-magnify\" class=\"image-scroll\"><img decoding=\"async\" width=\"923\" height=\"695\" title=\"olio-di-rettifica\" src=\"https:\/\/www.salin1953.com\/it\/wp-content\/uploads\/sites\/2\/2021\/09\/olio-di-rettifica.jpg\" alt class=\"img-responsive wp-image-1131\" srcset=\"https:\/\/www.salin1953.com\/it\/wp-content\/uploads\/sites\/2\/2021\/09\/olio-di-rettifica-200x151.jpg 200w, https:\/\/www.salin1953.com\/it\/wp-content\/uploads\/sites\/2\/2021\/09\/olio-di-rettifica-400x301.jpg 400w, https:\/\/www.salin1953.com\/it\/wp-content\/uploads\/sites\/2\/2021\/09\/olio-di-rettifica-600x452.jpg 600w, https:\/\/www.salin1953.com\/it\/wp-content\/uploads\/sites\/2\/2021\/09\/olio-di-rettifica-800x602.jpg 800w, https:\/\/www.salin1953.com\/it\/wp-content\/uploads\/sites\/2\/2021\/09\/olio-di-rettifica.jpg 923w\" sizes=\"(max-width: 640px) 100vw, 400px\" \/><\/span><\/div><\/div><\/div><div class=\"fusion-layout-column fusion_builder_column fusion-builder-column-6 fusion_builder_column_2_3 2_3 fusion-flex-column fusion-flex-align-self-center\" style=\"--awb-bg-size:cover;--awb-width-large:66.666666666667%;--awb-margin-top-large:0px;--awb-spacing-right-large:2.88%;--awb-margin-bottom-large:20px;--awb-spacing-left-large:2.88%;--awb-width-medium:66.666666666667%;--awb-order-medium:0;--awb-spacing-right-medium:2.88%;--awb-spacing-left-medium:2.88%;--awb-width-small:100%;--awb-order-small:0;--awb-spacing-right-small:1.92%;--awb-spacing-left-small:1.92%;\"><div class=\"fusion-column-wrapper fusion-column-has-shadow fusion-flex-justify-content-center fusion-content-layout-column\"><div class=\"fusion-title title fusion-title-4 fusion-sep-none fusion-title-text fusion-title-size-four\"><h4 class=\"title-heading-left\" style=\"margin:0;\">TRA SOSTENIBILIT\u00c0 E TECNICA<\/h4><\/div><div class=\"fusion-title title fusion-title-5 fusion-sep-none fusion-title-text fusion-title-size-two\"><h2 class=\"title-heading-left\" style=\"margin:0;\">La gestione dell\u2019olio di rettifica delle macchine utensili<\/h2><\/div><div class=\"fusion-text fusion-text-3\"><p>In Salin l\u2019innovazione non \u00e8 rinchiusa in un ufficio, ma \u00e8 libera di correre in tutti i reparti coinvolgendo i collaboratori in una continua ricerca di miglioramenti, secondo l\u2019approccio della trilogia della qualit\u00e0 Juran.<br \/>\nGrazie a questo approccio, \u00e8 stato possibile, ad esempio, migliorare una delle pi\u00f9 efficienti macchine utensili a nostra disposizione, che interviene su lavorazioni in acciaio e in oro.<br \/>\nCon la collaborazione degli addetti alle macchine utensili per lavorazioni di precisione, abbiamo concepito e realizzato un innovativo apparato per la gestione dell\u2019olio di rettifica al quale i costruttori dell\u2019utensile di precisione non avevano pensato.<br \/>\nGrazie a questo apparato, abbiamo recuperato metallo prezioso, evitato che cellule d\u2019acciaio mescolate con l\u2019olio impattassero nella lavorazione dell\u2019oro e migliorato, sul piano della sostenibilit\u00e0, lo smaltimento dell\u2019olio.<br \/>\nUn approccio Veneto al 100% : inventiva, tenacia, passione per la meccanica e ricorso a strumenti creati in origine per l\u2019olio alimentare.<\/p>\n<\/div><\/div><\/div><\/div><\/div><div class=\"fusion-fullwidth fullwidth-box fusion-builder-row-4 fusion-flex-container nonhundred-percent-fullwidth non-hundred-percent-height-scrolling\" style=\"--awb-border-radius-top-left:0px;--awb-border-radius-top-right:0px;--awb-border-radius-bottom-right:0px;--awb-border-radius-bottom-left:0px;--awb-padding-top:60px;--awb-padding-bottom:60px;\" ><div class=\"fusion-builder-row fusion-row fusion-flex-align-items-flex-start\" style=\"max-width:1248px;margin-left: calc(-4% \/ 2 );margin-right: calc(-4% \/ 2 );\"><div class=\"fusion-layout-column fusion_builder_column fusion-builder-column-7 fusion_builder_column_1_3 1_3 fusion-flex-column\" style=\"--awb-bg-size:cover;--awb-width-large:33.333333333333%;--awb-margin-top-large:0px;--awb-spacing-right-large:5.76%;--awb-margin-bottom-large:20px;--awb-spacing-left-large:5.76%;--awb-width-medium:33.333333333333%;--awb-order-medium:0;--awb-spacing-right-medium:5.76%;--awb-spacing-left-medium:5.76%;--awb-width-small:100%;--awb-order-small:0;--awb-spacing-right-small:1.92%;--awb-spacing-left-small:1.92%;\"><div class=\"fusion-column-wrapper fusion-column-has-shadow fusion-flex-justify-content-flex-start fusion-content-layout-column\"><div class=\"fusion-image-element \" style=\"--awb-caption-title-font-family:var(--h2_typography-font-family);--awb-caption-title-font-weight:var(--h2_typography-font-weight);--awb-caption-title-font-style:var(--h2_typography-font-style);--awb-caption-title-size:var(--h2_typography-font-size);--awb-caption-title-transform:var(--h2_typography-text-transform);--awb-caption-title-line-height:var(--h2_typography-line-height);--awb-caption-title-letter-spacing:var(--h2_typography-letter-spacing);\"><span class=\" fusion-imageframe imageframe-none imageframe-3 hover-type-none\" class=\"image-magnify\" class=\"image-scroll\"><img decoding=\"async\" width=\"923\" height=\"695\" title=\"spessore-cassa\" src=\"https:\/\/www.salin1953.com\/it\/wp-content\/uploads\/sites\/2\/2021\/09\/spessore-cassa.jpg\" alt class=\"img-responsive wp-image-1133\" srcset=\"https:\/\/www.salin1953.com\/it\/wp-content\/uploads\/sites\/2\/2021\/09\/spessore-cassa-200x151.jpg 200w, https:\/\/www.salin1953.com\/it\/wp-content\/uploads\/sites\/2\/2021\/09\/spessore-cassa-400x301.jpg 400w, https:\/\/www.salin1953.com\/it\/wp-content\/uploads\/sites\/2\/2021\/09\/spessore-cassa-600x452.jpg 600w, https:\/\/www.salin1953.com\/it\/wp-content\/uploads\/sites\/2\/2021\/09\/spessore-cassa-800x602.jpg 800w, https:\/\/www.salin1953.com\/it\/wp-content\/uploads\/sites\/2\/2021\/09\/spessore-cassa.jpg 923w\" sizes=\"(max-width: 640px) 100vw, 400px\" \/><\/span><\/div><\/div><\/div><div class=\"fusion-layout-column fusion_builder_column fusion-builder-column-8 fusion_builder_column_2_3 2_3 fusion-flex-column fusion-flex-align-self-center\" style=\"--awb-bg-size:cover;--awb-width-large:66.666666666667%;--awb-margin-top-large:0px;--awb-spacing-right-large:2.88%;--awb-margin-bottom-large:20px;--awb-spacing-left-large:2.88%;--awb-width-medium:66.666666666667%;--awb-order-medium:0;--awb-spacing-right-medium:2.88%;--awb-spacing-left-medium:2.88%;--awb-width-small:100%;--awb-order-small:0;--awb-spacing-right-small:1.92%;--awb-spacing-left-small:1.92%;\"><div class=\"fusion-column-wrapper fusion-column-has-shadow fusion-flex-justify-content-center fusion-content-layout-column\"><div class=\"fusion-title title fusion-title-6 fusion-sep-none fusion-title-text fusion-title-size-four\"><h4 class=\"title-heading-left\" style=\"margin:0;\">FLESSIBILIT\u00c0 E VISIONE<\/h4><\/div><div class=\"fusion-title title fusion-title-7 fusion-sep-none fusion-title-text fusion-title-size-two\"><h2 class=\"title-heading-left\" style=\"margin:0;\">Un approccio eccellente \u00e8 un approccio globale<\/h2><\/div><div class=\"fusion-text fusion-text-4\"><p>Eccellere vuol dire \u201cspingersi al di fuori\u201d, uscire dai limiti e dai confini. Nella nostra ricerca d\u2019eccellenza cerchiamo soluzioni anche all\u2019esterno del nostro puro ambito di responsabilit\u00e0.<br \/>\nAlla richiesta di un cliente di ridurre gli spessori dell\u2019oro di una cassa, abbiamo provveduto a rielaborare il disegno tecnico, verificandone la fattibilit\u00e0, gli aspetti estetici e strutturali.<br \/>\nMa i problemi non vanno solo risolti, vanno anticipati con un approccio a 360\u00b0; siamo andati oltre la richiesta del Cliente e abbiamo fortunatamente controllato con le dogane svizzere la possibilit\u00e0 di ottenere la punzonatura del titolo richiesto.<br \/>\nVerificatane l\u2019impossibilit\u00e0 abbiamo provveduto a una terza progettazione che ci ha consentito di ricevere l\u2019ordine e il ringraziamento del Cliente.<\/p>\n<\/div><\/div><\/div><\/div><\/div><\/p>\n","protected":false},"excerpt":{"rendered":"","protected":false},"author":1,"featured_media":0,"parent":0,"menu_order":0,"comment_status":"closed","ping_status":"closed","template":"100-width.php","meta":{"footnotes":""},"class_list":["post-906","page","type-page","status-publish","hentry"],"yoast_head":"<!-- This site is optimized with the Yoast SEO plugin v23.4 - https:\/\/yoast.com\/wordpress\/plugins\/seo\/ -->\n<title>Ricerca e Sviluppo - Salin 1953 IT<\/title>\n<meta name=\"robots\" content=\"index, follow, max-snippet:-1, max-image-preview:large, max-video-preview:-1\" \/>\n<link rel=\"canonical\" href=\"https:\/\/www.salin1953.com\/it\/ricerca-e-sviluppo\/\" \/>\n<meta property=\"og:locale\" content=\"it_IT\" \/>\n<meta property=\"og:type\" content=\"article\" \/>\n<meta property=\"og:title\" content=\"Ricerca e Sviluppo - Salin 1953 IT\" \/>\n<meta property=\"og:url\" content=\"https:\/\/www.salin1953.com\/it\/ricerca-e-sviluppo\/\" \/>\n<meta property=\"og:site_name\" content=\"Salin 1953 IT\" \/>\n<meta property=\"article:modified_time\" content=\"2021-09-10T13:03:49+00:00\" \/>\n<meta name=\"twitter:card\" content=\"summary_large_image\" \/>\n<meta name=\"twitter:label1\" content=\"Tempo di lettura stimato\" \/>\n\t<meta name=\"twitter:data1\" content=\"29 minuti\" \/>\n<script type=\"application\/ld+json\" class=\"yoast-schema-graph\">{\"@context\":\"https:\/\/schema.org\",\"@graph\":[{\"@type\":\"WebPage\",\"@id\":\"https:\/\/www.salin1953.com\/it\/ricerca-e-sviluppo\/\",\"url\":\"https:\/\/www.salin1953.com\/it\/ricerca-e-sviluppo\/\",\"name\":\"Ricerca e Sviluppo - Salin 1953 IT\",\"isPartOf\":{\"@id\":\"https:\/\/www.salin1953.com\/it\/#website\"},\"datePublished\":\"2021-08-24T16:00:32+00:00\",\"dateModified\":\"2021-09-10T13:03:49+00:00\",\"breadcrumb\":{\"@id\":\"https:\/\/www.salin1953.com\/it\/ricerca-e-sviluppo\/#breadcrumb\"},\"inLanguage\":\"it-IT\",\"potentialAction\":[{\"@type\":\"ReadAction\",\"target\":[\"https:\/\/www.salin1953.com\/it\/ricerca-e-sviluppo\/\"]}]},{\"@type\":\"BreadcrumbList\",\"@id\":\"https:\/\/www.salin1953.com\/it\/ricerca-e-sviluppo\/#breadcrumb\",\"itemListElement\":[{\"@type\":\"ListItem\",\"position\":1,\"name\":\"Home\",\"item\":\"https:\/\/www.salin1953.com\/it\/\"},{\"@type\":\"ListItem\",\"position\":2,\"name\":\"Ricerca e Sviluppo\"}]},{\"@type\":\"WebSite\",\"@id\":\"https:\/\/www.salin1953.com\/it\/#website\",\"url\":\"https:\/\/www.salin1953.com\/it\/\",\"name\":\"Salin 1953 IT\",\"description\":\"Elementi per l\u2019alta orologeria\",\"potentialAction\":[{\"@type\":\"SearchAction\",\"target\":{\"@type\":\"EntryPoint\",\"urlTemplate\":\"https:\/\/www.salin1953.com\/it\/?s={search_term_string}\"},\"query-input\":{\"@type\":\"PropertyValueSpecification\",\"valueRequired\":true,\"valueName\":\"search_term_string\"}}],\"inLanguage\":\"it-IT\"}]}<\/script>\n<!-- \/ Yoast SEO plugin. -->","yoast_head_json":{"title":"Ricerca e Sviluppo - Salin 1953 IT","robots":{"index":"index","follow":"follow","max-snippet":"max-snippet:-1","max-image-preview":"max-image-preview:large","max-video-preview":"max-video-preview:-1"},"canonical":"https:\/\/www.salin1953.com\/it\/ricerca-e-sviluppo\/","og_locale":"it_IT","og_type":"article","og_title":"Ricerca e Sviluppo - Salin 1953 IT","og_url":"https:\/\/www.salin1953.com\/it\/ricerca-e-sviluppo\/","og_site_name":"Salin 1953 IT","article_modified_time":"2021-09-10T13:03:49+00:00","twitter_card":"summary_large_image","twitter_misc":{"Tempo di lettura stimato":"29 minuti"},"schema":{"@context":"https:\/\/schema.org","@graph":[{"@type":"WebPage","@id":"https:\/\/www.salin1953.com\/it\/ricerca-e-sviluppo\/","url":"https:\/\/www.salin1953.com\/it\/ricerca-e-sviluppo\/","name":"Ricerca e Sviluppo - Salin 1953 IT","isPartOf":{"@id":"https:\/\/www.salin1953.com\/it\/#website"},"datePublished":"2021-08-24T16:00:32+00:00","dateModified":"2021-09-10T13:03:49+00:00","breadcrumb":{"@id":"https:\/\/www.salin1953.com\/it\/ricerca-e-sviluppo\/#breadcrumb"},"inLanguage":"it-IT","potentialAction":[{"@type":"ReadAction","target":["https:\/\/www.salin1953.com\/it\/ricerca-e-sviluppo\/"]}]},{"@type":"BreadcrumbList","@id":"https:\/\/www.salin1953.com\/it\/ricerca-e-sviluppo\/#breadcrumb","itemListElement":[{"@type":"ListItem","position":1,"name":"Home","item":"https:\/\/www.salin1953.com\/it\/"},{"@type":"ListItem","position":2,"name":"Ricerca e Sviluppo"}]},{"@type":"WebSite","@id":"https:\/\/www.salin1953.com\/it\/#website","url":"https:\/\/www.salin1953.com\/it\/","name":"Salin 1953 IT","description":"Elementi per l\u2019alta orologeria","potentialAction":[{"@type":"SearchAction","target":{"@type":"EntryPoint","urlTemplate":"https:\/\/www.salin1953.com\/it\/?s={search_term_string}"},"query-input":{"@type":"PropertyValueSpecification","valueRequired":true,"valueName":"search_term_string"}}],"inLanguage":"it-IT"}]}},"_links":{"self":[{"href":"https:\/\/www.salin1953.com\/it\/wp-json\/wp\/v2\/pages\/906","targetHints":{"allow":["GET"]}}],"collection":[{"href":"https:\/\/www.salin1953.com\/it\/wp-json\/wp\/v2\/pages"}],"about":[{"href":"https:\/\/www.salin1953.com\/it\/wp-json\/wp\/v2\/types\/page"}],"author":[{"embeddable":true,"href":"https:\/\/www.salin1953.com\/it\/wp-json\/wp\/v2\/users\/1"}],"replies":[{"embeddable":true,"href":"https:\/\/www.salin1953.com\/it\/wp-json\/wp\/v2\/comments?post=906"}],"version-history":[{"count":9,"href":"https:\/\/www.salin1953.com\/it\/wp-json\/wp\/v2\/pages\/906\/revisions"}],"predecessor-version":[{"id":1134,"href":"https:\/\/www.salin1953.com\/it\/wp-json\/wp\/v2\/pages\/906\/revisions\/1134"}],"wp:attachment":[{"href":"https:\/\/www.salin1953.com\/it\/wp-json\/wp\/v2\/media?parent=906"}],"curies":[{"name":"wp","href":"https:\/\/api.w.org\/{rel}","templated":true}]}}